{"id":132,"date":"2023-10-13T08:27:48","date_gmt":"2023-10-13T08:27:48","guid":{"rendered":"https:\/\/twinflamecoachlinda.nl\/?page_id=132"},"modified":"2023-10-13T09:01:08","modified_gmt":"2023-10-13T09:01:08","slug":"algemene-voorwaarden","status":"publish","type":"page","link":"https:\/\/twinflamecoachlinda.nl\/index.php\/algemene-voorwaarden\/","title":{"rendered":""},"content":{"rendered":"<p>[et_pb_section fb_built=&#8221;1&#8243; next_background_color=&#8221;#ffffff&#8221; admin_label=&#8221;Video&#8221; _builder_version=&#8221;4.22.2&#8243; _module_preset=&#8221;default&#8221; background_color=&#8221;gcid-1c7f682d-c09a-42e9-8b1c-535ba676533f&#8221; custom_padding=&#8221;1px||0px|||&#8221; bottom_divider_style=&#8221;arrow2&#8243; collapsed=&#8221;on&#8221; global_colors_info=&#8221;{%22gcid-1c7f682d-c09a-42e9-8b1c-535ba676533f%22:%91%22background_color%22%93}&#8221; theme_builder_area=&#8221;post_content&#8221;][et_pb_row column_structure=&#8221;1_2,1_2&#8243; _builder_version=&#8221;4.20.0&#8243; _module_preset=&#8221;default&#8221; z_index=&#8221;1&#8243; global_colors_info=&#8221;{}&#8221; theme_builder_area=&#8221;post_content&#8221;][et_pb_column type=&#8221;1_2&#8243; _builder_version=&#8221;4.20.0&#8243; _module_preset=&#8221;default&#8221; z_index=&#8221;10&#8243; z_index_tablet=&#8221;2&#8243; z_index_phone=&#8221;2&#8243; z_index_last_edited=&#8221;on|tablet&#8221; global_colors_info=&#8221;{}&#8221; theme_builder_area=&#8221;post_content&#8221;][et_pb_text _builder_version=&#8221;4.22.2&#8243; _module_preset=&#8221;d054a047-544b-41fc-9e29-bb83a539b920&#8243; custom_padding=&#8221;124px|||||&#8221; global_colors_info=&#8221;{}&#8221; theme_builder_area=&#8221;post_content&#8221;]<\/p>\n<h1>Together we are one<\/h1>\n<p>[\/et_pb_text][et_pb_divider color=&#8221;rgba(0,0,0,0.2)&#8221; divider_weight=&#8221;2px&#8221; _builder_version=&#8221;4.20.0&#8243; _module_preset=&#8221;default&#8221; custom_margin=&#8221;|-24%|||false|false&#8221; custom_margin_tablet=&#8221;|0%|||false|false&#8221; custom_margin_phone=&#8221;|0%|||false|false&#8221; custom_margin_last_edited=&#8221;on|tablet&#8221; global_colors_info=&#8221;{}&#8221; theme_builder_area=&#8221;post_content&#8221;][\/et_pb_divider][et_pb_image src=&#8221;https:\/\/twinflamecoachlinda.nl\/wp-content\/uploads\/2023\/10\/coaching-1.png&#8221; title_text=&#8221;coaching-1&#8243; _builder_version=&#8221;4.20.0&#8243; _module_preset=&#8221;default&#8221; positioning=&#8221;absolute&#8221; position_origin_a=&#8221;bottom_left&#8221; vertical_offset=&#8221;-5%&#8221; horizontal_offset=&#8221;-15%&#8221; z_index=&#8221;-1&#8243; width=&#8221;70%&#8221; global_colors_info=&#8221;{}&#8221; theme_builder_area=&#8221;post_content&#8221;][\/et_pb_image][\/et_pb_column][et_pb_column type=&#8221;1_2&#8243; _builder_version=&#8221;4.20.0&#8243; _module_preset=&#8221;default&#8221; global_colors_info=&#8221;{}&#8221; theme_builder_area=&#8221;post_content&#8221;][et_pb_image src=&#8221;https:\/\/twinflamecoachlinda.nl\/wp-content\/uploads\/2023\/10\/thumbnail_RUUDPOS.NL\u00a9-7195.jpg&#8221; title_text=&#8221;thumbnail_RUUDPOS.NL\u00a9-7195&#8243; _builder_version=&#8221;4.22.2&#8243; _module_preset=&#8221;default&#8221; max_height_tablet=&#8221;300px&#8221; max_height_phone=&#8221;300px&#8221; max_height_last_edited=&#8221;on|tablet&#8221; locked=&#8221;off&#8221; global_colors_info=&#8221;{}&#8221; theme_builder_area=&#8221;post_content&#8221;][\/et_pb_image][\/et_pb_column][\/et_pb_row][\/et_pb_section][et_pb_section fb_built=&#8221;1&#8243; theme_builder_area=&#8221;post_content&#8221; _builder_version=&#8221;4.22.2&#8243; _module_preset=&#8221;default&#8221;][et_pb_row _builder_version=&#8221;4.22.2&#8243; _module_preset=&#8221;default&#8221; theme_builder_area=&#8221;post_content&#8221;][et_pb_column _builder_version=&#8221;4.22.2&#8243; _module_preset=&#8221;default&#8221; type=&#8221;4_4&#8243; theme_builder_area=&#8221;post_content&#8221;][et_pb_text _builder_version=&#8221;4.22.2&#8243; _module_preset=&#8221;default&#8221; theme_builder_area=&#8221;post_content&#8221; hover_enabled=&#8221;0&#8243; sticky_enabled=&#8221;0&#8243;]<\/p>\n<p><strong>ALGEMENE VOORWAARDEN VAN<\/strong> Twinflamecoach Linda ingeschreven in de Kamer van Koophandel<br \/>onder nummer <span>89989732<\/span><\/p>\n<p><span><\/span><\/p>\n<p><strong>Artikel 1. Algemeen<\/strong><\/p>\n<ol>\n<li>Deze algemene voorwaarden zijn van toepassing op alle offertes, opdrachtbevestigingen en overeenkomsten waarbij door Twinflamecoach Linda diensten als Coach worden aangeboden of geleverd.<\/li>\n<li>Afwijkingen van deze algemene voorwaarden zijn slechts geldig, indien en voor zover zij schriftelijk tussen de Twinflamecoach Linda en de Cli\u00ebnt zijn overeengekomen.<\/li>\n<li>Eventuele inkoop- of andere algemene voorwaarden van Twinflamecoach Linda zijn niet van toepassing, tenzij Twinflamecoach Linda deze uitdrukkelijk schriftelijk heeft aanvaard.<\/li>\n<li>Indien een of meer bepalingen van deze algemene voorwaarden nietig zijn of vernietigd mochten worden, blijven de overige bepalingen van deze algemene voorwaarden volledig van toepassing. Twinflamecoach Linda en de Cli\u00ebnt treden alsdan in overleg om een nieuwe bepaling ter vervanging van de nietige dan wel vernietigde bepaling overeen te komen, zoveel mogelijk in overeenstemming met het doel en de strekking van de oorspronkelijke bepaling.<\/li>\n<\/ol>\n<p>&nbsp;<\/p>\n<p><strong>Artikel 2. Offertes en totstandkoming van de Overeenkomst<\/strong><\/p>\n<ol>\n<li>Alle door Twinflamecoach Linda gemaakte offertes zijn vrijblijvend en zijn geldig gedurende 30 dagen, tenzij anders aangegeven. De Cli\u00ebnt is slechts aan een offerte gebonden indien de aanvaarding hiervan door de Cli\u00ebnt binnen de gestelde geldigheidsduur zonder voorbehoud of wijziging aan Twinflamecoach Linda is bevestigd.<\/li>\n<li>De prijzen in de offertes zijn exclusief BTW tenzij uitdrukkelijk anders vermeld.<\/li>\n<li>De Overeenkomst komt tot stand door aanvaarding van de offerte door de Cli\u00ebnt als bedoeld in de laatste volzin van lid 1. Twinflamecoach Linda en de Cli\u00ebnt hebben ook een Overeenkomst gesloten, indien Twinflamecoach Linda een tussen Twinflamecoach Linda en de Cli\u00ebnt gemaakte afspraak schriftelijk bevestigt en de Cli\u00ebnt de juistheid daarvan niet binnen tien werkdagen of \u2013 als die termijn korter is \u2013 v\u00f3\u00f3r aanvang van de werkzaamheden schriftelijk betwist.<\/li>\n<li>Een overeenkomst met een derde persoon als coach kan ook tot stand komen, indien op verzoek van die derde persoon met of namens de Cli\u00ebnt een gesprek is gevoerd, op basis waarvan partijen het eens worden over een begeleidingstraject en dat gevolgd wordt door toezending door Twinflamecoach Linda van een factuur.<\/li>\n<\/ol>\n<p>&nbsp;<\/p>\n<p><strong>Artikel 3. Uitvoering van de Overeenkomst<\/strong><\/p>\n<ol>\n<li>Iedere Overeenkomst leidt voor Twinflamecoach Linda tot een inspanningsverplichting waarbij Twinflamecoach Linda gehouden is haar verplichtingen na te komen naar beste kunnen, met de nodige zorgvuldigheid en het nodige vakmanschap.<\/li>\n<li>In alle gevallen waarin Twinflamecoach Linda dat nuttig of noodzakelijk acht heeft zij hetrecht om \u2013 in overleg met de Cli\u00ebnt \u2013 bepaalde werkzaamheden te laten uitvoeren door derden of zich te laten bijstaan door derden.<\/li>\n<li>De Cli\u00ebnt draagt er zorg voor dat alle gegevens, waarvan Twinflamecoach Linda aangeeft dat deze noodzakelijk zijn voor het uitvoeren van de overeenkomst deugdelijk, volledig en tijdig aan Twinflamecoach Linda worden verstrekt. Indien de voor de uitvoering van de overeenkomst benodigde gegevens niet tijdig aan Twinflamecoach Linda zijn verstrekt, heeft Twinflamecoach Linda het recht de uitvoering van de overeenkomst op te schorten en\/of de uit de vertraging voortvloeiende extra kosten volgens de gebruikelijke tarieven aan de Cli\u00ebnt in rekening te brengen.<\/li>\n<li>Indien voor de voltooiing van bepaalde werkzaamheden door Twinflamecoach Linda een termijn is overeengekomen, dan is dit geen fatale termijn, tenzij uitdrukkelijk anders is overeengekomen. Overschrijding van de overeengekomen termijn levert dan ook geen toerekenbare tekortkoming van Twinflamecoach Linda op. De Cli\u00ebnt kan om die reden de overeenkomst dan ook niet ontbinden en heeft geen recht op schadevergoeding. Twinflamecoach Linda kan bij overschrijding van de overeengekomen termijn wel een nieuwe, redelijke termijn stellen waarbinnen Twinflamecoach Linda de Overeenkomst dient uit te voeren. Overschrijding van deze nieuwe termijn kan voor de Cli\u00ebnt een grond opleveren voor ontbinding van de overeenkomst.<\/li>\n<li>Wanneer Twinflamecoach Linda in samenwerking met een derde een opdracht of een gedeelte hiervan vervult, zal de Coach in overleg met alle betrokkenen vaststellen wat ieders taak is. Twinflamecoach Linda aanvaardt geen hoofdelijke aansprakelijkheid, noch aansprakelijkheid voor de uitvoering van de taak en de daarbij behorende werkzaamheden van de derde.<\/li>\n<\/ol>\n<p>&nbsp;<\/p>\n<p><strong>Artikel 4. Geheimhouding en Privacy<\/strong><\/p>\n<ol>\n<li>Gesprekken tussen Twinflamecoach Linda en de Cli\u00ebnt worden als strikt vertrouwelijk beschouwd. Informatie geldt als vertrouwelijk als dit door Twinflamecoach Linda is medegedeeld of als dit voortvloeit uit de aard van de informatie. Twinflamecoach Linda draagt er zorg voor dat deze verplichting ook wordt opgelegd aan eventuele werknemers of derden die door haar bij een opdracht worden ingeschakeld. Twinflamecoach Linda zal dan ook aan niemand enige mededeling doen over de inhoud en het verloop van deze gesprekken, tenzij de Cli\u00ebnt hiervoor toestemming heeft gegeven.<\/li>\n<li>Twinflamecoach Linda zal zowel tijdens als na afloop van de Overeenkomst(en) met de Cli\u00ebnt alle gegevens en kennis van de Cli\u00ebnt die in het kader van de overeenkomst(en) met Twinflamecoach Linda zijn verstrekt, geheimhouden en daar zorgvuldig mee omgaan, behoudens de eventuele verplichting die de wet dan wel een daartoe bevoegd overheidsorgaan op hem legt tot openbaarmaking van bepaalde gegevens.<\/li>\n<li>Twinflamecoach Linda neemt in het kader van de verwerking passende technische en organisatorische beveiligingsmaatregelen. Bij het nemen van de beveiligingsmaatregelen is rekening gehouden met de te mitigeren risico\u2019s, de stand van de techniek en de kosten van de beveiligingsmaatregelen.<\/li>\n<\/ol>\n<p>&nbsp;<\/p>\n<p><strong>Artikel 5. Intellectuele eigendom<\/strong><\/p>\n<ol>\n<li>Twinflamecoach Linda is rechthebbende op de intellectuele eigendomsrechten met betrekking tot de door hem \u2013 in het kader van de Overeenkomst \u2013 aan de Cli\u00ebnt verstrekte of in het kader van de overeenkomst gebruikte diensten en producten, waaronder begrepen maar niet beperkt tot testen, readers, rapporten, modellen, oefenmateriaal en werkboeken.<\/li>\n<li>De Cli\u00ebnt mag zonder uitdrukkelijke schriftelijke toestemming van Twinflamecoach Linda geen gebruik maken van deze diensten en\/of producten, waarop Twinflamecoach Linda rechthebbende is ten aanzien van de intellectuele eigendomsrechten, anders dan ten behoeve van deze opdracht.<\/li>\n<li>Twinflamecoach Linda is gerechtigd om de door de uitvoering van de werkzaamheden verkregen kennis voor andere doeleinden te gebruiken, voor zover hierbij geen vertrouwelijke informatie ter kennis van derden wordt gebracht en mits niet te herleiden tot de individuele Cli\u00ebnt.<\/li>\n<\/ol>\n<p>&nbsp;<\/p>\n<p><strong>Artikel 6. Honorarium en kosten<\/strong><\/p>\n<ol>\n<li>Het honorarium van Twinflamecoach Linda bestaat, tenzij uitdrukkelijk anders overeengekomen, uit een vooraf bepaald vast bedrag per overeenkomst dan wel per<br \/>geleverde dienst.<\/li>\n<li>Alle honoraria zijn exclusief heffingen van overheidswege zoals omzetbelasting (BTW), alsmede exclusief reis- en andere onkosten ten behoeve van de Cli\u00ebnt gemaakt, waaronder begrepen maar niet beperkt tot declaraties van ingeschakelde derden.<\/li>\n<li>Twinflamecoach Linda kan de Cli\u00ebnt verzoeken om een redelijk voorschot te betalen in verband met onkosten die ten behoeve van de Cli\u00ebnt moeten worden gemaakt. Twinflamecoach Linda heeft, wanneer door hem een redelijk voorschot is gevraagd, het recht de uitvoering van de werkzaamheden op te schorten tot het moment dat de Cli\u00ebnt het voorschot aan Twinflamecoach Linda heeft betaald.<\/li>\n<li>Twinflamecoach Linda behoudt zich het recht voor jaarlijks de overeengekomen honoraria aan te passen wegens wijziging van de algemene prijsindex en wegens eventueel door de overheid opgelegde maatregelen.<\/li>\n<\/ol>\n<p>&nbsp;<\/p>\n<p><strong>Artikel 7. Betaling<\/strong><\/p>\n<ol>\n<li>Betaling dient te geschieden binnen 10 dagen na factuurdatum op een door Twinflamecoach Linda aan te geven wijze. Betaling zal plaatsvinden zonder aftrek, verrekening of opschorting uit welke hoofde dan ook.<\/li>\n<li>Het staat Twinflamecoach Linda vrij om, naar eigen oordeel en in afwijking van de in lid 1 omschreven algemene regel, een aanbetaling van 50% tot 100% van het honorarium te verlangen. Deze aanbetaling dient plaats te vinden v\u00f3\u00f3r aanvang van het eerste (betaalde) gesprek, sessie of event. Indien gewenst ontvangt de Cli\u00ebnt hiervan een afzonderlijke factuur.<\/li>\n<li>Na het verstrijken van de betalingstermijn is de Cli\u00ebnt in verzuim. De Cli\u00ebnt is vanaf het moment van verzuim aan de Coach over het opeisbare bedrag een vertragingsrente verschuldigd gelijk aan de wettelijke rente, te verhogen met administratiekosten die 10% bedragen van de openstaande facturen.<\/li>\n<li>Door de Cli\u00ebnt gedane betalingen strekken steeds ter voldoening van in de eerste plaats alle verschuldigde rente en kosten, en in de tweede plaats van opeisbare facturen die het langst openstaan, zelfs al vermeldt de Cli\u00ebnt dat de voldoening betrekking heeft op een latere\/andere factuur.<\/li>\n<\/ol>\n<p>&nbsp;<\/p>\n<p><strong>Artikel 8. Incassokosten<\/strong><\/p>\n<p>Indien Twinflamecoach Linda invorderingsmaatregelen treft tegen de Cli\u00ebnt die in verzuim is, komen de kosten verband houdend met die invordering ten laste van de Cli\u00ebnt, welke kosten gesteld worden op ten minste 10% van de openstaande facturen. Onder deze kosten zijn begrepen de kosten van eventueel in te schakelen incassobureaus, deurwaarders en\/of advocaten.<\/p>\n<p>&nbsp;<\/p>\n<p><strong>Artikel 9. Aansprakelijkheid<\/strong><\/p>\n<ol>\n<li>De Twinflamecoach Linda is tegenover de Cli\u00ebnt slechts aansprakelijk voor schade ten gevolge van een ernstige toerekenbare tekortkoming in de uitvoering van de Overeenkomst. Daarvan is sprake indien Twinflamecoach Linda niet de vereiste zorgvuldigheid en deskundigheid in acht neemt bij de uitvoering van de overeenkomst.<\/li>\n<li>Indien, om welke reden dan ook, geen verzekeringsuitkering plaatsvindt, is de aansprakelijkheid van Twinflamecoach Linda jegens de Cli\u00ebnt beperkt tot het honorarium van de opdracht waarop de aansprakelijkheid betrekking heeft, met een maximum van \u20ac 1.000,-.<\/li>\n<li>Twinflamecoach Linda is niet gehouden tot vergoeding van indirecte schade geleden door de Cli\u00ebnt, waaronder begrepen maar niet beperkt tot gevolgschade, gederfde winst en schade ten gevolge van bedrijfsstagnatie.<\/li>\n<li>Twinflamecoach Linda zal bij de inschakeling van niet in haar organisatie werkzame derden (zoals adviseurs, deskundigen of dienstverleners) de nodige zorgvuldigheid in acht nemen. Twinflamecoach Linda is niet aansprakelijk voor ernstige tekortkomingen jegens de Cli\u00ebnt of voor eventuele fouten of tekortkomingen van deze derden. In zo\u2019n geval is de Cli\u00ebnt verplicht de ingeschakelde derden zelf aansprakelijk te stellen en eventueel geleden schade op deze<br \/>derden te verhalen.<\/li>\n<li>Twinflamecoach Linda is niet aansprakelijk voor door de Cli\u00ebnt geleden schade, van welke aard ook, indien Twinflamecoach Linda bij de uitvoering van haar opdracht is uitgegaan van door de Cli\u00ebnt verstrekte onjuiste en\/of onvolledige gegevens, tenzij deze onjuistheid of onvolledigheid voor Twinflamecoach Linda duidelijk kenbaar was of behoorde te zijn.<\/li>\n<li>Twinflamecoach Linda ofwel door hem in te schakelen coaches of derden die belast worden met het begeleiden van Cli\u00ebnten, zullen geen middelen, methoden, technieken of instructies geven of gebruiken of situaties laten ontstaan die het vermogen van de Cli\u00ebnt beperken of nadelig be\u00efnvloeden bij het waarnemen, analyseren en beoordelen van voor de Cli\u00ebnt dreigende schade, in welke vorm dan ook. Indien de Cli\u00ebnt enige schade zou oplopen, is Twinflamecoach Linda dan wel door hem in te schakelen coaches of derden daarvoor op generlei wijze aansprakelijk.<\/li>\n<li>De Cli\u00ebnt vrijwaart Twinflamecoach Linda tegen alle aanspraken (zoals schades en rechtsvorderingen) van derden die met de uitvoering van de overeenkomst tussen Twinflamecoach Linda en de Cli\u00ebnt samenhangen, tenzij het betreft aanspraken ten gevolge van ernstige tekortkomingen van Twinflamecoach Linda.<\/li>\n<li>Indien de Cli\u00ebnt een eventuele vordering jegens Twinflamecoach Linda niet binnen \u00e9\u00e9n jaar na het ontdekken van de schade in rechte aanhangig heeft gemaakt, komt deze rechtsvordering na het verstrijken van het jaar te vervallen.<\/li>\n<\/ol>\n<p>&nbsp;<\/p>\n<p><strong>Artikel 10. Annuleringsvoorwaarden<\/strong><\/p>\n<ol>\n<li>De in het kader van de overeenkomst bedoelde werkzaamheden worden geacht te starten per de datum van acceptatie door de Cli\u00ebnt en van Twinflamecoach Linda ontvangen offerte. Los hiervan kunnen partijen een andere aanvangsdatum overeenkomen, maar dan zal deze datum expliciet en afzonderlijk schriftelijk moeten worden overeengekomen door partijen.<\/li>\n<li>De Cli\u00ebnt is 100% van de totaal overeengekomen hoofdsom verschuldigd, indien hij \u2013 ook zonder te annuleren \u2013 geen gebruik maakt van de overeengekomen diensten van Twinflamecoach Linda.<\/li>\n<li>Annulering van een enkel coachgesprek of enkele sessie door de Cli\u00ebnt dient -ongeacht de reden van annulering- tenminste 48 uur van tevoren te geschieden, waarbij de ontvangstbevestiging door Twinflamecoach Linda leidend is. Bij annulering binnen 48 uur zullen 50% van de betreffende kosten alsnog worden gefactureerd.<\/li>\n<\/ol>\n<p>&nbsp;<\/p>\n<p><strong>Artikel 11. Be\u00ebindiging van de Overeenkomst<\/strong><\/p>\n<ol>\n<li>Twinflamecoach Linda is gerechtigd de overeenkomst, met onmiddellijke ingang, zonder rechterlijke tussenkomst, te be\u00ebindigen door middel van een schriftelijke kennisgeving hiervan aan de Cli\u00ebnt, indien de Cli\u00ebnt in gebreke blijft met voldoening van een door Twinflamecoach Linda verzonden factuur, binnen 14 dagen na schriftelijke aanmaning.<\/li>\n<li>Twinflamecoach Linda is gerechtigd de Overeenkomst met onmiddellijke ingang en zonder gerechtelijke tussenkomst te be\u00ebindigen door middel van een schriftelijke kennisgeving hiervan aan de Cli\u00ebnt, indien enige uit de overeenkomst voortvloeiende verplichting binnen 14 dagen na schriftelijke aanmaning niet of niet behoorlijk alsnog wordt nagekomen.<\/li>\n<li>Zowel Twinflamecoach Linda als de Cli\u00ebnt kan de overeenkomst met onmiddellijke ingang schriftelijk be\u00ebindigen, indien de andere partij in surseance van betaling komt te verkeren of in staat van faillissement is verklaard.<\/li>\n<\/ol>\n<p>&nbsp;<\/p>\n<p><strong>Artikel 12. Geschillenbeslechting<\/strong><\/p>\n<ol>\n<li>Op alle overeenkomsten tussen Twinflamecoach Linda en de Cli\u00ebnt is Nederlands recht van toepassing.<\/li>\n<li>Indien Twinflamecoach Linda en de Cli\u00ebnt een geschil hebben voortvloeiend uit deze Overeenkomst, zijn zij gehouden eerst te trachten dit geschil in overleg op te lossen.<\/li>\n<li>Indien overleg niet tot een oplossing van het geschil leidt, is de bevoegde rechtelijke instantie in het arrondissement waar Twinflamecoach Linda gevestigd is, bij uitsluiting bevoegd van het geschil kennis te nemen.<\/li>\n<\/ol>\n<p>[\/et_pb_text][\/et_pb_column][\/et_pb_row][\/et_pb_section]<\/p>\n","protected":false},"excerpt":{"rendered":"<p>Together we are oneALGEMENE VOORWAARDEN VAN Twinflamecoach Linda ingeschreven in de Kamer van Koophandelonder nummer 89989732 Artikel 1. Algemeen Deze algemene voorwaarden zijn van toepassing op alle offertes, opdrachtbevestigingen en overeenkomsten waarbij door Twinflamecoach Linda diensten als Coach worden aangeboden of geleverd. Afwijkingen van deze algemene voorwaarden zijn slechts geldig, indien en voor zover zij [&hellip;]<\/p>\n","protected":false},"author":1,"featured_media":0,"parent":0,"menu_order":0,"comment_status":"closed","ping_status":"open","template":"","meta":{"_et_pb_use_builder":"on","_et_pb_old_content":"","_et_gb_content_width":"","footnotes":""},"class_list":["post-132","page","type-page","status-publish","hentry"],"yoast_head":"<!-- This site is optimized with the Yoast SEO plugin v27.1.1 - https:\/\/yoast.com\/product\/yoast-seo-wordpress\/ -->\n<title>- twinflamecoachlinda<\/title>\n<meta name=\"robots\" content=\"index, follow, max-snippet:-1, max-image-preview:large, max-video-preview:-1\" \/>\n<link rel=\"canonical\" href=\"https:\/\/twinflamecoachlinda.nl\/index.php\/algemene-voorwaarden\/\" \/>\n<meta property=\"og:locale\" content=\"nl_NL\" \/>\n<meta property=\"og:type\" content=\"article\" \/>\n<meta property=\"og:title\" content=\"- twinflamecoachlinda\" \/>\n<meta property=\"og:description\" content=\"Together we are oneALGEMENE VOORWAARDEN VAN Twinflamecoach Linda ingeschreven in de Kamer van Koophandelonder nummer 89989732 Artikel 1. Algemeen Deze algemene voorwaarden zijn van toepassing op alle offertes, opdrachtbevestigingen en overeenkomsten waarbij door Twinflamecoach Linda diensten als Coach worden aangeboden of geleverd. Afwijkingen van deze algemene voorwaarden zijn slechts geldig, indien en voor zover zij [&hellip;]\" \/>\n<meta property=\"og:url\" content=\"https:\/\/twinflamecoachlinda.nl\/index.php\/algemene-voorwaarden\/\" \/>\n<meta property=\"og:site_name\" content=\"twinflamecoachlinda\" \/>\n<meta property=\"article:modified_time\" content=\"2023-10-13T09:01:08+00:00\" \/>\n<meta name=\"twitter:card\" content=\"summary_large_image\" \/>\n<script type=\"application\/ld+json\" class=\"yoast-schema-graph\">{\"@context\":\"https:\/\/schema.org\",\"@graph\":[{\"@type\":\"WebPage\",\"@id\":\"https:\/\/twinflamecoachlinda.nl\/index.php\/algemene-voorwaarden\/\",\"url\":\"https:\/\/twinflamecoachlinda.nl\/index.php\/algemene-voorwaarden\/\",\"name\":\"- twinflamecoachlinda\",\"isPartOf\":{\"@id\":\"https:\/\/twinflamecoachlinda.nl\/#website\"},\"datePublished\":\"2023-10-13T08:27:48+00:00\",\"dateModified\":\"2023-10-13T09:01:08+00:00\",\"inLanguage\":\"nl-NL\",\"potentialAction\":[{\"@type\":\"ReadAction\",\"target\":[\"https:\/\/twinflamecoachlinda.nl\/index.php\/algemene-voorwaarden\/\"]}]},{\"@type\":\"WebSite\",\"@id\":\"https:\/\/twinflamecoachlinda.nl\/#website\",\"url\":\"https:\/\/twinflamecoachlinda.nl\/\",\"name\":\"twinflamecoachlinda\",\"description\":\"\",\"potentialAction\":[{\"@type\":\"SearchAction\",\"target\":{\"@type\":\"EntryPoint\",\"urlTemplate\":\"https:\/\/twinflamecoachlinda.nl\/?s={search_term_string}\"},\"query-input\":{\"@type\":\"PropertyValueSpecification\",\"valueRequired\":true,\"valueName\":\"search_term_string\"}}],\"inLanguage\":\"nl-NL\"}]}<\/script>\n<!-- \/ Yoast SEO plugin. -->","yoast_head_json":{"title":"- twinflamecoachlinda","robots":{"index":"index","follow":"follow","max-snippet":"max-snippet:-1","max-image-preview":"max-image-preview:large","max-video-preview":"max-video-preview:-1"},"canonical":"https:\/\/twinflamecoachlinda.nl\/index.php\/algemene-voorwaarden\/","og_locale":"nl_NL","og_type":"article","og_title":"- twinflamecoachlinda","og_description":"Together we are oneALGEMENE VOORWAARDEN VAN Twinflamecoach Linda ingeschreven in de Kamer van Koophandelonder nummer 89989732 Artikel 1. Algemeen Deze algemene voorwaarden zijn van toepassing op alle offertes, opdrachtbevestigingen en overeenkomsten waarbij door Twinflamecoach Linda diensten als Coach worden aangeboden of geleverd. Afwijkingen van deze algemene voorwaarden zijn slechts geldig, indien en voor zover zij [&hellip;]","og_url":"https:\/\/twinflamecoachlinda.nl\/index.php\/algemene-voorwaarden\/","og_site_name":"twinflamecoachlinda","article_modified_time":"2023-10-13T09:01:08+00:00","twitter_card":"summary_large_image","schema":{"@context":"https:\/\/schema.org","@graph":[{"@type":"WebPage","@id":"https:\/\/twinflamecoachlinda.nl\/index.php\/algemene-voorwaarden\/","url":"https:\/\/twinflamecoachlinda.nl\/index.php\/algemene-voorwaarden\/","name":"- twinflamecoachlinda","isPartOf":{"@id":"https:\/\/twinflamecoachlinda.nl\/#website"},"datePublished":"2023-10-13T08:27:48+00:00","dateModified":"2023-10-13T09:01:08+00:00","inLanguage":"nl-NL","potentialAction":[{"@type":"ReadAction","target":["https:\/\/twinflamecoachlinda.nl\/index.php\/algemene-voorwaarden\/"]}]},{"@type":"WebSite","@id":"https:\/\/twinflamecoachlinda.nl\/#website","url":"https:\/\/twinflamecoachlinda.nl\/","name":"twinflamecoachlinda","description":"","potentialAction":[{"@type":"SearchAction","target":{"@type":"EntryPoint","urlTemplate":"https:\/\/twinflamecoachlinda.nl\/?s={search_term_string}"},"query-input":{"@type":"PropertyValueSpecification","valueRequired":true,"valueName":"search_term_string"}}],"inLanguage":"nl-NL"}]}},"_links":{"self":[{"href":"https:\/\/twinflamecoachlinda.nl\/index.php\/wp-json\/wp\/v2\/pages\/132","targetHints":{"allow":["GET"]}}],"collection":[{"href":"https:\/\/twinflamecoachlinda.nl\/index.php\/wp-json\/wp\/v2\/pages"}],"about":[{"href":"https:\/\/twinflamecoachlinda.nl\/index.php\/wp-json\/wp\/v2\/types\/page"}],"author":[{"embeddable":true,"href":"https:\/\/twinflamecoachlinda.nl\/index.php\/wp-json\/wp\/v2\/users\/1"}],"replies":[{"embeddable":true,"href":"https:\/\/twinflamecoachlinda.nl\/index.php\/wp-json\/wp\/v2\/comments?post=132"}],"version-history":[{"count":5,"href":"https:\/\/twinflamecoachlinda.nl\/index.php\/wp-json\/wp\/v2\/pages\/132\/revisions"}],"predecessor-version":[{"id":141,"href":"https:\/\/twinflamecoachlinda.nl\/index.php\/wp-json\/wp\/v2\/pages\/132\/revisions\/141"}],"wp:attachment":[{"href":"https:\/\/twinflamecoachlinda.nl\/index.php\/wp-json\/wp\/v2\/media?parent=132"}],"curies":[{"name":"wp","href":"https:\/\/api.w.org\/{rel}","templated":true}]}}